{"id":605,"date":"2026-03-13T08:35:17","date_gmt":"2026-03-13T08:35:17","guid":{"rendered":"https:\/\/tierphysio-vogel.de\/?page_id=605"},"modified":"2026-03-13T11:11:43","modified_gmt":"2026-03-13T11:11:43","slug":"events","status":"publish","type":"page","link":"https:\/\/tierphysio-vogel.de\/?page_id=605","title":{"rendered":"Events"},"content":{"rendered":"\n<p class=\"has-medium-font-size\"><strong>April<\/strong><\/p>\n\n\n\n<p class=\"has-medium-font-size\"><strong>Rehasporttage f\u00fcr Hunde im Hotel Schnitzers Dahoam!<\/strong><\/p>\n\n\n<div class=\"wp-block-image\">\n<figure class=\"alignleft size-large is-resized\"><img loading=\"lazy\" decoding=\"async\" width=\"1024\" height=\"1024\" src=\"https:\/\/tierphysio-vogel.de\/wp-content\/uploads\/2026\/03\/Rehasport-fuer-Hunde-2-1024x1024.png\" alt=\"\" class=\"wp-image-609\" style=\"width:306px;height:auto\" srcset=\"https:\/\/tierphysio-vogel.de\/wp-content\/uploads\/2026\/03\/Rehasport-fuer-Hunde-2-1024x1024.png 1024w, https:\/\/tierphysio-vogel.de\/wp-content\/uploads\/2026\/03\/Rehasport-fuer-Hunde-2-300x300.png 300w, https:\/\/tierphysio-vogel.de\/wp-content\/uploads\/2026\/03\/Rehasport-fuer-Hunde-2-150x150.png 150w, https:\/\/tierphysio-vogel.de\/wp-content\/uploads\/2026\/03\/Rehasport-fuer-Hunde-2-768x768.png 768w, https:\/\/tierphysio-vogel.de\/wp-content\/uploads\/2026\/03\/Rehasport-fuer-Hunde-2-1536x1536.png 1536w, https:\/\/tierphysio-vogel.de\/wp-content\/uploads\/2026\/03\/Rehasport-fuer-Hunde-2-100x100.png 100w, https:\/\/tierphysio-vogel.de\/wp-content\/uploads\/2026\/03\/Rehasport-fuer-Hunde-2.png 2000w\" sizes=\"auto, (max-width: 767px) 89vw, (max-width: 1000px) 54vw, (max-width: 1071px) 543px, 580px\" \/><\/figure>\n<\/div>\n\n\n<p class=\"has-medium-font-size\">In unserem zweit\u00e4gigen Kurs f\u00f6rdern wir gezielt Beweglichkeit, Muskulatur und Koordination Ihres Hundes. Ideal f\u00fcr \u00e4ltere Hunde mit Problemen im Bewegungsapperat oder Senioren Hunde deren k\u00f6rperliche Fitness erhalten oder verbessert werden soll.  <\/p>\n\n\n\n<p class=\"has-medium-font-size\">Sie lernen einfache \u00dcbungen, die Sie auch zu Hause weiterf\u00fchren k\u00f6nnen.<\/p>\n\n\n\n<p><strong>Wann? <\/strong><\/p>\n\n\n\n<p>10.04. &amp; 11,04.26 Jeweis von 10:00- ca. 13:00 Uhr<\/p>\n\n\n\n<p><strong>Wer? <\/strong><\/p>\n\n\n\n<p>Alle Hunde- Besitzer- P\u00e4rchen sind eingeladen! Unabh\u00e4ngig von Rasse und Alter!<\/p>\n\n\n\n<p><strong>Kosten<\/strong>: <\/p>\n\n\n\n<p>210\u20ac pro Hunde- Besitzer- P\u00e4rchen, <\/p>\n\n\n\n<p>(Zweithunde, welche aktiv am Kurs Teilnehmen +110\u20ac; Teilnahme ohne Hund 195\u20ac) <\/p>\n\n\n\n<p>Mindestteilnehmeranzahl: 5 Hunde- Besitzer- P\u00e4rchen <\/p>\n\n\n\n<div class=\"wp-block-buttons is-layout-flex wp-block-buttons-is-layout-flex\">\n<div class=\"wp-block-button\"><a class=\"wp-block-button__link wp-element-button\" href=\"https:\/\/wa.me\/message\/B5OIGNPGDA2HN1?src=qr\">Hier Buchen!<\/a><\/div>\n<\/div>\n\n\n\n<p>Hier findest du den Flyer zum Event: <\/p>\n\n\n\n<div class=\"wp-block-file\"><a id=\"wp-block-file--media-8fc73492-0d2c-4dbc-b40f-2704377f4780\" href=\"https:\/\/tierphysio-vogel.de\/wp-content\/uploads\/2026\/03\/Gemeinsam-Entspannen-4.pdf\">Flyer zum Event <\/a><a href=\"https:\/\/tierphysio-vogel.de\/wp-content\/uploads\/2026\/03\/Gemeinsam-Entspannen-4.pdf\" class=\"wp-block-file__button wp-element-button\" download aria-describedby=\"wp-block-file--media-8fc73492-0d2c-4dbc-b40f-2704377f4780\">Herunterladen<\/a><\/div>\n\n\n\n<p><\/p>\n","protected":false},"excerpt":{"rendered":"<p>April Rehasporttage f\u00fcr Hunde im Hotel Schnitzers Dahoam! In unserem zweit\u00e4gigen Kurs f\u00f6rdern wir gezielt Beweglichkeit, Muskulatur und Koordination Ihres Hundes. Ideal f\u00fcr \u00e4ltere Hunde mit Problemen im Bewegungsapperat oder Senioren Hunde deren k\u00f6rperliche Fitness erhalten oder verbessert werden soll. Sie lernen einfache \u00dcbungen, die Sie auch zu Hause weiterf\u00fchren k\u00f6nnen. Wann? 10.04. &amp; 11,04.26 &hellip; <\/p>\n<p class=\"link-more\"><a href=\"https:\/\/tierphysio-vogel.de\/?page_id=605\" class=\"more-link\"><span class=\"screen-reader-text\">\u201eEvents\u201c <\/span>weiterlesen<\/a><\/p>\n","protected":false},"author":1,"featured_media":0,"parent":0,"menu_order":0,"comment_status":"closed","ping_status":"closed","template":"","meta":{"_acf_changed":false,"_exactmetrics_skip_tracking":false,"_exactmetrics_sitenote_active":false,"_exactmetrics_sitenote_note":"","_exactmetrics_sitenote_category":0,"_monsterinsights_skip_tracking":false,"_monsterinsights_sitenote_active":false,"_monsterinsights_sitenote_note":"","_monsterinsights_sitenote_category":0,"footnotes":""},"class_list":["post-605","page","type-page","status-publish","hentry"],"acf":[],"yoast_head":"<!-- This site is optimized with the Yoast SEO plugin v24.9 - https:\/\/yoast.com\/wordpress\/plugins\/seo\/ -->\n<title>Events - Tiertherapie am Schliersee<\/title>\n<meta name=\"robots\" content=\"index, follow, max-snippet:-1, max-image-preview:large, max-video-preview:-1\" \/>\n<link rel=\"canonical\" href=\"https:\/\/tierphysio-vogel.de\/?page_id=605\" \/>\n<meta property=\"og:locale\" content=\"de_DE\" \/>\n<meta property=\"og:type\" content=\"article\" \/>\n<meta property=\"og:title\" content=\"Events - Tiertherapie am Schliersee\" \/>\n<meta property=\"og:description\" content=\"April Rehasporttage f\u00fcr Hunde im Hotel Schnitzers Dahoam! In unserem zweit\u00e4gigen Kurs f\u00f6rdern wir gezielt Beweglichkeit, Muskulatur und Koordination Ihres Hundes. Ideal f\u00fcr \u00e4ltere Hunde mit Problemen im Bewegungsapperat oder Senioren Hunde deren k\u00f6rperliche Fitness erhalten oder verbessert werden soll. Sie lernen einfache \u00dcbungen, die Sie auch zu Hause weiterf\u00fchren k\u00f6nnen. Wann? 10.04. &amp; 11,04.26 &hellip; \u201eEvents\u201c weiterlesen\" \/>\n<meta property=\"og:url\" content=\"https:\/\/tierphysio-vogel.de\/?page_id=605\" \/>\n<meta property=\"og:site_name\" content=\"Tiertherapie am Schliersee\" \/>\n<meta property=\"article:modified_time\" content=\"2026-03-13T11:11:43+00:00\" \/>\n<meta property=\"og:image\" content=\"https:\/\/tierphysio-vogel.de\/wp-content\/uploads\/2026\/03\/Rehasport-fuer-Hunde-2.png\" \/>\n\t<meta property=\"og:image:width\" content=\"2000\" \/>\n\t<meta property=\"og:image:height\" content=\"2000\" \/>\n\t<meta property=\"og:image:type\" content=\"image\/png\" \/>\n<meta name=\"twitter:card\" content=\"summary_large_image\" \/>\n<meta name=\"twitter:label1\" content=\"Gesch\u00e4tzte Lesezeit\" \/>\n\t<meta name=\"twitter:data1\" content=\"1\u00a0Minute\" \/>\n<script type=\"application\/ld+json\" class=\"yoast-schema-graph\">{\"@context\":\"https:\/\/schema.org\",\"@graph\":[{\"@type\":\"WebPage\",\"@id\":\"https:\/\/tierphysio-vogel.de\/?page_id=605\",\"url\":\"https:\/\/tierphysio-vogel.de\/?page_id=605\",\"name\":\"Events - Tiertherapie am Schliersee\",\"isPartOf\":{\"@id\":\"https:\/\/tierphysio-vogel.de\/#website\"},\"primaryImageOfPage\":{\"@id\":\"https:\/\/tierphysio-vogel.de\/?page_id=605#primaryimage\"},\"image\":{\"@id\":\"https:\/\/tierphysio-vogel.de\/?page_id=605#primaryimage\"},\"thumbnailUrl\":\"https:\/\/tierphysio-vogel.de\/wp-content\/uploads\/2026\/03\/Rehasport-fuer-Hunde-2-1024x1024.png\",\"datePublished\":\"2026-03-13T08:35:17+00:00\",\"dateModified\":\"2026-03-13T11:11:43+00:00\",\"breadcrumb\":{\"@id\":\"https:\/\/tierphysio-vogel.de\/?page_id=605#breadcrumb\"},\"inLanguage\":\"de\",\"potentialAction\":[{\"@type\":\"ReadAction\",\"target\":[\"https:\/\/tierphysio-vogel.de\/?page_id=605\"]}]},{\"@type\":\"ImageObject\",\"inLanguage\":\"de\",\"@id\":\"https:\/\/tierphysio-vogel.de\/?page_id=605#primaryimage\",\"url\":\"https:\/\/tierphysio-vogel.de\/wp-content\/uploads\/2026\/03\/Rehasport-fuer-Hunde-2.png\",\"contentUrl\":\"https:\/\/tierphysio-vogel.de\/wp-content\/uploads\/2026\/03\/Rehasport-fuer-Hunde-2.png\",\"width\":2000,\"height\":2000},{\"@type\":\"BreadcrumbList\",\"@id\":\"https:\/\/tierphysio-vogel.de\/?page_id=605#breadcrumb\",\"itemListElement\":[{\"@type\":\"ListItem\",\"position\":1,\"name\":\"Startseite\",\"item\":\"https:\/\/tierphysio-vogel.de\/\"},{\"@type\":\"ListItem\",\"position\":2,\"name\":\"Events\"}]},{\"@type\":\"WebSite\",\"@id\":\"https:\/\/tierphysio-vogel.de\/#website\",\"url\":\"https:\/\/tierphysio-vogel.de\/\",\"name\":\"Tierphysio-Vogel\",\"description\":\"Tiertherapie spezialisiert auf Schmerztherapie \",\"potentialAction\":[{\"@type\":\"SearchAction\",\"target\":{\"@type\":\"EntryPoint\",\"urlTemplate\":\"https:\/\/tierphysio-vogel.de\/?s={search_term_string}\"},\"query-input\":{\"@type\":\"PropertyValueSpecification\",\"valueRequired\":true,\"valueName\":\"search_term_string\"}}],\"inLanguage\":\"de\"}]}<\/script>\n<!-- \/ Yoast SEO plugin. -->","yoast_head_json":{"title":"Events - Tiertherapie am Schliersee","robots":{"index":"index","follow":"follow","max-snippet":"max-snippet:-1","max-image-preview":"max-image-preview:large","max-video-preview":"max-video-preview:-1"},"canonical":"https:\/\/tierphysio-vogel.de\/?page_id=605","og_locale":"de_DE","og_type":"article","og_title":"Events - Tiertherapie am Schliersee","og_description":"April Rehasporttage f\u00fcr Hunde im Hotel Schnitzers Dahoam! In unserem zweit\u00e4gigen Kurs f\u00f6rdern wir gezielt Beweglichkeit, Muskulatur und Koordination Ihres Hundes. Ideal f\u00fcr \u00e4ltere Hunde mit Problemen im Bewegungsapperat oder Senioren Hunde deren k\u00f6rperliche Fitness erhalten oder verbessert werden soll. Sie lernen einfache \u00dcbungen, die Sie auch zu Hause weiterf\u00fchren k\u00f6nnen. Wann? 10.04. &amp; 11,04.26 &hellip; \u201eEvents\u201c weiterlesen","og_url":"https:\/\/tierphysio-vogel.de\/?page_id=605","og_site_name":"Tiertherapie am Schliersee","article_modified_time":"2026-03-13T11:11:43+00:00","og_image":[{"width":2000,"height":2000,"url":"https:\/\/tierphysio-vogel.de\/wp-content\/uploads\/2026\/03\/Rehasport-fuer-Hunde-2.png","type":"image\/png"}],"twitter_card":"summary_large_image","twitter_misc":{"Gesch\u00e4tzte Lesezeit":"1\u00a0Minute"},"schema":{"@context":"https:\/\/schema.org","@graph":[{"@type":"WebPage","@id":"https:\/\/tierphysio-vogel.de\/?page_id=605","url":"https:\/\/tierphysio-vogel.de\/?page_id=605","name":"Events - Tiertherapie am Schliersee","isPartOf":{"@id":"https:\/\/tierphysio-vogel.de\/#website"},"primaryImageOfPage":{"@id":"https:\/\/tierphysio-vogel.de\/?page_id=605#primaryimage"},"image":{"@id":"https:\/\/tierphysio-vogel.de\/?page_id=605#primaryimage"},"thumbnailUrl":"https:\/\/tierphysio-vogel.de\/wp-content\/uploads\/2026\/03\/Rehasport-fuer-Hunde-2-1024x1024.png","datePublished":"2026-03-13T08:35:17+00:00","dateModified":"2026-03-13T11:11:43+00:00","breadcrumb":{"@id":"https:\/\/tierphysio-vogel.de\/?page_id=605#breadcrumb"},"inLanguage":"de","potentialAction":[{"@type":"ReadAction","target":["https:\/\/tierphysio-vogel.de\/?page_id=605"]}]},{"@type":"ImageObject","inLanguage":"de","@id":"https:\/\/tierphysio-vogel.de\/?page_id=605#primaryimage","url":"https:\/\/tierphysio-vogel.de\/wp-content\/uploads\/2026\/03\/Rehasport-fuer-Hunde-2.png","contentUrl":"https:\/\/tierphysio-vogel.de\/wp-content\/uploads\/2026\/03\/Rehasport-fuer-Hunde-2.png","width":2000,"height":2000},{"@type":"BreadcrumbList","@id":"https:\/\/tierphysio-vogel.de\/?page_id=605#breadcrumb","itemListElement":[{"@type":"ListItem","position":1,"name":"Startseite","item":"https:\/\/tierphysio-vogel.de\/"},{"@type":"ListItem","position":2,"name":"Events"}]},{"@type":"WebSite","@id":"https:\/\/tierphysio-vogel.de\/#website","url":"https:\/\/tierphysio-vogel.de\/","name":"Tierphysio-Vogel","description":"Tiertherapie spezialisiert auf Schmerztherapie ","potentialAction":[{"@type":"SearchAction","target":{"@type":"EntryPoint","urlTemplate":"https:\/\/tierphysio-vogel.de\/?s={search_term_string}"},"query-input":{"@type":"PropertyValueSpecification","valueRequired":true,"valueName":"search_term_string"}}],"inLanguage":"de"}]}},"_links":{"self":[{"href":"https:\/\/tierphysio-vogel.de\/index.php?rest_route=\/wp\/v2\/pages\/605","targetHints":{"allow":["GET"]}}],"collection":[{"href":"https:\/\/tierphysio-vogel.de\/index.php?rest_route=\/wp\/v2\/pages"}],"about":[{"href":"https:\/\/tierphysio-vogel.de\/index.php?rest_route=\/wp\/v2\/types\/page"}],"author":[{"embeddable":true,"href":"https:\/\/tierphysio-vogel.de\/index.php?rest_route=\/wp\/v2\/users\/1"}],"replies":[{"embeddable":true,"href":"https:\/\/tierphysio-vogel.de\/index.php?rest_route=%2Fwp%2Fv2%2Fcomments&post=605"}],"version-history":[{"count":4,"href":"https:\/\/tierphysio-vogel.de\/index.php?rest_route=\/wp\/v2\/pages\/605\/revisions"}],"predecessor-version":[{"id":622,"href":"https:\/\/tierphysio-vogel.de\/index.php?rest_route=\/wp\/v2\/pages\/605\/revisions\/622"}],"wp:attachment":[{"href":"https:\/\/tierphysio-vogel.de\/index.php?rest_route=%2Fwp%2Fv2%2Fmedia&parent=605"}],"curies":[{"name":"wp","href":"https:\/\/api.w.org\/{rel}","templated":true}]}}