{"id":623,"date":"2026-03-28T13:30:12","date_gmt":"2026-03-28T13:30:12","guid":{"rendered":"https:\/\/tierphysio-vogel.de\/?page_id=623"},"modified":"2026-03-28T13:33:29","modified_gmt":"2026-03-28T13:33:29","slug":"tierphysioshop-vogel","status":"publish","type":"page","link":"https:\/\/tierphysio-vogel.de\/?page_id=623","title":{"rendered":"Tierphysioshop Vogel"},"content":{"rendered":"\n<div class=\"wp-block-columns is-layout-flex wp-container-core-columns-is-layout-9d6595d7 wp-block-columns-is-layout-flex\">\n<div class=\"wp-block-column is-layout-flow wp-block-column-is-layout-flow\" style=\"flex-basis:100%\">\n<div class=\"wp-block-media-text is-stacked-on-mobile\"><figure class=\"wp-block-media-text__media\"><img loading=\"lazy\" decoding=\"async\" width=\"819\" height=\"1024\" src=\"https:\/\/tierphysio-vogel.de\/wp-content\/uploads\/2026\/03\/Shop-post-14-819x1024.png\" alt=\"\" class=\"wp-image-627 size-full\" srcset=\"https:\/\/tierphysio-vogel.de\/wp-content\/uploads\/2026\/03\/Shop-post-14-819x1024.png 819w, https:\/\/tierphysio-vogel.de\/wp-content\/uploads\/2026\/03\/Shop-post-14-240x300.png 240w, https:\/\/tierphysio-vogel.de\/wp-content\/uploads\/2026\/03\/Shop-post-14-768x960.png 768w, https:\/\/tierphysio-vogel.de\/wp-content\/uploads\/2026\/03\/Shop-post-14.png 1080w\" sizes=\"auto, (max-width: 767px) 89vw, (max-width: 1000px) 54vw, (max-width: 1071px) 543px, 580px\" \/><\/figure><div class=\"wp-block-media-text__content\">\n<p><strong>EntoVITAL Stop &amp; Go <\/strong><\/p>\n\n\n\n<p>entoVITAL\u00ae DOG stop&amp;go ist eine neuartige Kombination aus pr\u00e4- und probiotisch wirksamen Inhaltsstoffen, die auf nat\u00fcrliche Weise die Darmflora beleben, die Verdauung stabilisieren und mit der Unterst\u00fctzung von wertvollen ayurvedischen und europ\u00e4ischen Pflanzen die Fl\u00fcssigkeitsresorption aus dem Darm beg\u00fcnstigen.<\/p>\n\n\n\n<p>39,90\u20ac<\/p>\n\n\n\n<div class=\"wp-block-buttons is-content-justification-center is-layout-flex wp-container-core-buttons-is-layout-16018d1d wp-block-buttons-is-layout-flex\">\n<div class=\"wp-block-button\"><a class=\"wp-block-button__link wp-element-button\" href=\"https:\/\/wa.me\/c\/491727132919\">Bestellen<\/a><\/div>\n<\/div>\n<\/div><\/div>\n\n\n\n<div style=\"height:100px\" aria-hidden=\"true\" class=\"wp-block-spacer\"><\/div>\n\n\n\n<div class=\"wp-block-media-text is-stacked-on-mobile is-vertically-aligned-top\"><figure class=\"wp-block-media-text__media\"><img loading=\"lazy\" decoding=\"async\" width=\"819\" height=\"1024\" src=\"https:\/\/tierphysio-vogel.de\/wp-content\/uploads\/2026\/03\/Shop-post-15-819x1024.png\" alt=\"\" class=\"wp-image-628 size-full\" srcset=\"https:\/\/tierphysio-vogel.de\/wp-content\/uploads\/2026\/03\/Shop-post-15-819x1024.png 819w, https:\/\/tierphysio-vogel.de\/wp-content\/uploads\/2026\/03\/Shop-post-15-240x300.png 240w, https:\/\/tierphysio-vogel.de\/wp-content\/uploads\/2026\/03\/Shop-post-15-768x960.png 768w, https:\/\/tierphysio-vogel.de\/wp-content\/uploads\/2026\/03\/Shop-post-15.png 1080w\" sizes=\"auto, (max-width: 767px) 89vw, (max-width: 1000px) 54vw, (max-width: 1071px) 543px, 580px\" \/><\/figure><div class=\"wp-block-media-text__content\">\n<p><strong>EntoVITAL move<\/strong><\/p>\n\n\n\n<p>Mit wertvollen Antioxidantien und Mikron\u00e4hrstoffen unterst\u00fctzen wir den Bewegungsapparat und die Muskulatur. Durch die pr\u00e4ventive Wirkung und die Kombination aus Weidenrinde, Trockenalgen und anderen Heilkr\u00e4utern ist entoVITAL DOG Move das ideale Erg\u00e4nzungsfuttermittel f\u00fcr Hunde, die an Arthrose, Arthritis oder anderen Erkrankungen des Bewegungsapparates leiden.<\/p>\n\n\n\n<p>39,90\u20ac<\/p>\n\n\n\n<div class=\"wp-block-buttons is-content-justification-center is-layout-flex wp-container-core-buttons-is-layout-51f7783f wp-block-buttons-is-layout-flex\">\n<div class=\"wp-block-button\"><a class=\"wp-block-button__link wp-element-button\" href=\"https:\/\/wa.me\/p\/32170232839289778\/491727132919\">Bestellen<\/a><\/div>\n<\/div>\n<\/div><\/div>\n\n\n\n<div style=\"height:100px\" aria-hidden=\"true\" class=\"wp-block-spacer\"><\/div>\n\n\n\n<div class=\"wp-block-media-text is-stacked-on-mobile is-vertically-aligned-top\"><figure class=\"wp-block-media-text__media\"><img loading=\"lazy\" decoding=\"async\" width=\"819\" height=\"1024\" src=\"https:\/\/tierphysio-vogel.de\/wp-content\/uploads\/2026\/03\/Shop-post-13-819x1024.png\" alt=\"\" class=\"wp-image-629 size-full\" srcset=\"https:\/\/tierphysio-vogel.de\/wp-content\/uploads\/2026\/03\/Shop-post-13-819x1024.png 819w, https:\/\/tierphysio-vogel.de\/wp-content\/uploads\/2026\/03\/Shop-post-13-240x300.png 240w, https:\/\/tierphysio-vogel.de\/wp-content\/uploads\/2026\/03\/Shop-post-13-768x960.png 768w, https:\/\/tierphysio-vogel.de\/wp-content\/uploads\/2026\/03\/Shop-post-13.png 1080w\" sizes=\"auto, (max-width: 767px) 89vw, (max-width: 1000px) 54vw, (max-width: 1071px) 543px, 580px\" \/><\/figure><div class=\"wp-block-media-text__content\">\n<p><strong>EntoVITAL d- para<\/strong><\/p>\n\n\n\n<p>Zur St\u00e4rkung des Immunsystems und zur unterst\u00fctzenden Abwehr von Parasiten bei Hunden.<br>Durch den Aufbau des Darms mit guten Darmbakterien und bestimmten Heilkr\u00e4utern, kann dein Hund ein starkes Immunsystem aufbauen, welches Endoparasiten entgegentreten kann.<br>Nat\u00fcrliche Entwurmung f\u00fcr deinen Hund<\/p>\n\n\n\n<p>39,90\u20ac<\/p>\n\n\n\n<div class=\"wp-block-buttons is-content-justification-center is-layout-flex wp-container-core-buttons-is-layout-51f7783f wp-block-buttons-is-layout-flex\">\n<div class=\"wp-block-button\"><a class=\"wp-block-button__link wp-element-button\" href=\"https:\/\/wa.me\/p\/32170232839289778\/491727132919\">Bestellen<\/a><\/div>\n<\/div>\n<\/div><\/div>\n<\/div>\n<\/div>\n","protected":false},"excerpt":{"rendered":"<p>EntoVITAL Stop &amp; Go entoVITAL\u00ae DOG stop&amp;go ist eine neuartige Kombination aus pr\u00e4- und probiotisch wirksamen Inhaltsstoffen, die auf nat\u00fcrliche Weise die Darmflora beleben, die Verdauung stabilisieren und mit der Unterst\u00fctzung von wertvollen ayurvedischen und europ\u00e4ischen Pflanzen die Fl\u00fcssigkeitsresorption aus dem Darm beg\u00fcnstigen. 39,90\u20ac EntoVITAL move Mit wertvollen Antioxidantien und Mikron\u00e4hrstoffen unterst\u00fctzen wir den Bewegungsapparat &hellip; <\/p>\n<p class=\"link-more\"><a href=\"https:\/\/tierphysio-vogel.de\/?page_id=623\" class=\"more-link\"><span class=\"screen-reader-text\">\u201eTierphysioshop Vogel\u201c <\/span>weiterlesen<\/a><\/p>\n","protected":false},"author":1,"featured_media":0,"parent":0,"menu_order":0,"comment_status":"closed","ping_status":"closed","template":"","meta":{"_acf_changed":false,"_exactmetrics_skip_tracking":false,"_exactmetrics_sitenote_active":false,"_exactmetrics_sitenote_note":"","_exactmetrics_sitenote_category":0,"_monsterinsights_skip_tracking":false,"_monsterinsights_sitenote_active":false,"_monsterinsights_sitenote_note":"","_monsterinsights_sitenote_category":0,"footnotes":""},"class_list":["post-623","page","type-page","status-publish","hentry"],"acf":[],"yoast_head":"<!-- This site is optimized with the Yoast SEO plugin v24.9 - https:\/\/yoast.com\/wordpress\/plugins\/seo\/ -->\n<title>Tierphysioshop Vogel - Tiertherapie am Schliersee<\/title>\n<meta name=\"robots\" content=\"index, follow, max-snippet:-1, max-image-preview:large, max-video-preview:-1\" \/>\n<link rel=\"canonical\" href=\"https:\/\/tierphysio-vogel.de\/?page_id=623\" \/>\n<meta property=\"og:locale\" content=\"de_DE\" \/>\n<meta property=\"og:type\" content=\"article\" \/>\n<meta property=\"og:title\" content=\"Tierphysioshop Vogel - Tiertherapie am Schliersee\" \/>\n<meta property=\"og:description\" content=\"EntoVITAL Stop &amp; Go entoVITAL\u00ae DOG stop&amp;go ist eine neuartige Kombination aus pr\u00e4- und probiotisch wirksamen Inhaltsstoffen, die auf nat\u00fcrliche Weise die Darmflora beleben, die Verdauung stabilisieren und mit der Unterst\u00fctzung von wertvollen ayurvedischen und europ\u00e4ischen Pflanzen die Fl\u00fcssigkeitsresorption aus dem Darm beg\u00fcnstigen. 39,90\u20ac EntoVITAL move Mit wertvollen Antioxidantien und Mikron\u00e4hrstoffen unterst\u00fctzen wir den Bewegungsapparat &hellip; \u201eTierphysioshop Vogel\u201c weiterlesen\" \/>\n<meta property=\"og:url\" content=\"https:\/\/tierphysio-vogel.de\/?page_id=623\" \/>\n<meta property=\"og:site_name\" content=\"Tiertherapie am Schliersee\" \/>\n<meta property=\"article:modified_time\" content=\"2026-03-28T13:33:29+00:00\" \/>\n<meta property=\"og:image\" content=\"https:\/\/tierphysio-vogel.de\/wp-content\/uploads\/2026\/03\/Shop-post-14.png\" \/>\n\t<meta property=\"og:image:width\" content=\"1080\" \/>\n\t<meta property=\"og:image:height\" content=\"1350\" \/>\n\t<meta property=\"og:image:type\" content=\"image\/png\" \/>\n<meta name=\"twitter:card\" content=\"summary_large_image\" \/>\n<meta name=\"twitter:label1\" content=\"Gesch\u00e4tzte Lesezeit\" \/>\n\t<meta name=\"twitter:data1\" content=\"2\u00a0Minuten\" \/>\n<script type=\"application\/ld+json\" class=\"yoast-schema-graph\">{\"@context\":\"https:\/\/schema.org\",\"@graph\":[{\"@type\":\"WebPage\",\"@id\":\"https:\/\/tierphysio-vogel.de\/?page_id=623\",\"url\":\"https:\/\/tierphysio-vogel.de\/?page_id=623\",\"name\":\"Tierphysioshop Vogel - Tiertherapie am Schliersee\",\"isPartOf\":{\"@id\":\"https:\/\/tierphysio-vogel.de\/#website\"},\"primaryImageOfPage\":{\"@id\":\"https:\/\/tierphysio-vogel.de\/?page_id=623#primaryimage\"},\"image\":{\"@id\":\"https:\/\/tierphysio-vogel.de\/?page_id=623#primaryimage\"},\"thumbnailUrl\":\"https:\/\/tierphysio-vogel.de\/wp-content\/uploads\/2026\/03\/Shop-post-14-819x1024.png\",\"datePublished\":\"2026-03-28T13:30:12+00:00\",\"dateModified\":\"2026-03-28T13:33:29+00:00\",\"breadcrumb\":{\"@id\":\"https:\/\/tierphysio-vogel.de\/?page_id=623#breadcrumb\"},\"inLanguage\":\"de\",\"potentialAction\":[{\"@type\":\"ReadAction\",\"target\":[\"https:\/\/tierphysio-vogel.de\/?page_id=623\"]}]},{\"@type\":\"ImageObject\",\"inLanguage\":\"de\",\"@id\":\"https:\/\/tierphysio-vogel.de\/?page_id=623#primaryimage\",\"url\":\"https:\/\/tierphysio-vogel.de\/wp-content\/uploads\/2026\/03\/Shop-post-14.png\",\"contentUrl\":\"https:\/\/tierphysio-vogel.de\/wp-content\/uploads\/2026\/03\/Shop-post-14.png\",\"width\":1080,\"height\":1350},{\"@type\":\"BreadcrumbList\",\"@id\":\"https:\/\/tierphysio-vogel.de\/?page_id=623#breadcrumb\",\"itemListElement\":[{\"@type\":\"ListItem\",\"position\":1,\"name\":\"Startseite\",\"item\":\"https:\/\/tierphysio-vogel.de\/\"},{\"@type\":\"ListItem\",\"position\":2,\"name\":\"Tierphysioshop Vogel\"}]},{\"@type\":\"WebSite\",\"@id\":\"https:\/\/tierphysio-vogel.de\/#website\",\"url\":\"https:\/\/tierphysio-vogel.de\/\",\"name\":\"Tierphysio-Vogel\",\"description\":\"Tiertherapie spezialisiert auf Schmerztherapie \",\"potentialAction\":[{\"@type\":\"SearchAction\",\"target\":{\"@type\":\"EntryPoint\",\"urlTemplate\":\"https:\/\/tierphysio-vogel.de\/?s={search_term_string}\"},\"query-input\":{\"@type\":\"PropertyValueSpecification\",\"valueRequired\":true,\"valueName\":\"search_term_string\"}}],\"inLanguage\":\"de\"}]}<\/script>\n<!-- \/ Yoast SEO plugin. -->","yoast_head_json":{"title":"Tierphysioshop Vogel - Tiertherapie am Schliersee","robots":{"index":"index","follow":"follow","max-snippet":"max-snippet:-1","max-image-preview":"max-image-preview:large","max-video-preview":"max-video-preview:-1"},"canonical":"https:\/\/tierphysio-vogel.de\/?page_id=623","og_locale":"de_DE","og_type":"article","og_title":"Tierphysioshop Vogel - Tiertherapie am Schliersee","og_description":"EntoVITAL Stop &amp; Go entoVITAL\u00ae DOG stop&amp;go ist eine neuartige Kombination aus pr\u00e4- und probiotisch wirksamen Inhaltsstoffen, die auf nat\u00fcrliche Weise die Darmflora beleben, die Verdauung stabilisieren und mit der Unterst\u00fctzung von wertvollen ayurvedischen und europ\u00e4ischen Pflanzen die Fl\u00fcssigkeitsresorption aus dem Darm beg\u00fcnstigen. 39,90\u20ac EntoVITAL move Mit wertvollen Antioxidantien und Mikron\u00e4hrstoffen unterst\u00fctzen wir den Bewegungsapparat &hellip; \u201eTierphysioshop Vogel\u201c weiterlesen","og_url":"https:\/\/tierphysio-vogel.de\/?page_id=623","og_site_name":"Tiertherapie am Schliersee","article_modified_time":"2026-03-28T13:33:29+00:00","og_image":[{"width":1080,"height":1350,"url":"https:\/\/tierphysio-vogel.de\/wp-content\/uploads\/2026\/03\/Shop-post-14.png","type":"image\/png"}],"twitter_card":"summary_large_image","twitter_misc":{"Gesch\u00e4tzte Lesezeit":"2\u00a0Minuten"},"schema":{"@context":"https:\/\/schema.org","@graph":[{"@type":"WebPage","@id":"https:\/\/tierphysio-vogel.de\/?page_id=623","url":"https:\/\/tierphysio-vogel.de\/?page_id=623","name":"Tierphysioshop Vogel - Tiertherapie am Schliersee","isPartOf":{"@id":"https:\/\/tierphysio-vogel.de\/#website"},"primaryImageOfPage":{"@id":"https:\/\/tierphysio-vogel.de\/?page_id=623#primaryimage"},"image":{"@id":"https:\/\/tierphysio-vogel.de\/?page_id=623#primaryimage"},"thumbnailUrl":"https:\/\/tierphysio-vogel.de\/wp-content\/uploads\/2026\/03\/Shop-post-14-819x1024.png","datePublished":"2026-03-28T13:30:12+00:00","dateModified":"2026-03-28T13:33:29+00:00","breadcrumb":{"@id":"https:\/\/tierphysio-vogel.de\/?page_id=623#breadcrumb"},"inLanguage":"de","potentialAction":[{"@type":"ReadAction","target":["https:\/\/tierphysio-vogel.de\/?page_id=623"]}]},{"@type":"ImageObject","inLanguage":"de","@id":"https:\/\/tierphysio-vogel.de\/?page_id=623#primaryimage","url":"https:\/\/tierphysio-vogel.de\/wp-content\/uploads\/2026\/03\/Shop-post-14.png","contentUrl":"https:\/\/tierphysio-vogel.de\/wp-content\/uploads\/2026\/03\/Shop-post-14.png","width":1080,"height":1350},{"@type":"BreadcrumbList","@id":"https:\/\/tierphysio-vogel.de\/?page_id=623#breadcrumb","itemListElement":[{"@type":"ListItem","position":1,"name":"Startseite","item":"https:\/\/tierphysio-vogel.de\/"},{"@type":"ListItem","position":2,"name":"Tierphysioshop Vogel"}]},{"@type":"WebSite","@id":"https:\/\/tierphysio-vogel.de\/#website","url":"https:\/\/tierphysio-vogel.de\/","name":"Tierphysio-Vogel","description":"Tiertherapie spezialisiert auf Schmerztherapie ","potentialAction":[{"@type":"SearchAction","target":{"@type":"EntryPoint","urlTemplate":"https:\/\/tierphysio-vogel.de\/?s={search_term_string}"},"query-input":{"@type":"PropertyValueSpecification","valueRequired":true,"valueName":"search_term_string"}}],"inLanguage":"de"}]}},"_links":{"self":[{"href":"https:\/\/tierphysio-vogel.de\/index.php?rest_route=\/wp\/v2\/pages\/623","targetHints":{"allow":["GET"]}}],"collection":[{"href":"https:\/\/tierphysio-vogel.de\/index.php?rest_route=\/wp\/v2\/pages"}],"about":[{"href":"https:\/\/tierphysio-vogel.de\/index.php?rest_route=\/wp\/v2\/types\/page"}],"author":[{"embeddable":true,"href":"https:\/\/tierphysio-vogel.de\/index.php?rest_route=\/wp\/v2\/users\/1"}],"replies":[{"embeddable":true,"href":"https:\/\/tierphysio-vogel.de\/index.php?rest_route=%2Fwp%2Fv2%2Fcomments&post=623"}],"version-history":[{"count":2,"href":"https:\/\/tierphysio-vogel.de\/index.php?rest_route=\/wp\/v2\/pages\/623\/revisions"}],"predecessor-version":[{"id":635,"href":"https:\/\/tierphysio-vogel.de\/index.php?rest_route=\/wp\/v2\/pages\/623\/revisions\/635"}],"wp:attachment":[{"href":"https:\/\/tierphysio-vogel.de\/index.php?rest_route=%2Fwp%2Fv2%2Fmedia&parent=623"}],"curies":[{"name":"wp","href":"https:\/\/api.w.org\/{rel}","templated":true}]}}